{"id":138,"date":"2024-03-12T12:53:59","date_gmt":"2024-03-12T12:53:59","guid":{"rendered":"https:\/\/erczipo.ba\/wordpress\/?page_id=138"},"modified":"2024-03-19T10:22:40","modified_gmt":"2024-03-19T10:22:40","slug":"reference","status":"publish","type":"page","link":"https:\/\/erczipo.ba\/index.php\/reference\/","title":{"rendered":"Reference"},"content":{"rendered":"\n<div style=\"height:60px\" aria-hidden=\"true\" class=\"wp-block-spacer\"><\/div>\n\n\n\n<p>Kroz na\u0161u saradnju, pru\u017eili smo \u0161irok spektar IT usluga i rje\u0161enja renomiranim institucijama , unapre\u0111uju\u0107i njihove operacije i omogu\u0107avaju\u0107i im da efikasnije ostvare svoje ciljeve. Ovo dugoro\u010dno povjerenje koje su nam ove institucije ukazale predstavlja najbolju potvrdu kvaliteta na\u0161eg rada i posve\u0107enosti pru\u017eanju vrhunskih IT usluga. <\/p>\n\n\n\n<p>Kroz svoj dugogodi\u0161nji rad ostvarili smo uspje\u0161no partnerstvo sa institucijama poput:<\/p>\n\n\n\n<ul class=\"wp-block-list\" style=\"padding-right:var(--wp--preset--spacing--60);padding-left:var(--wp--preset--spacing--60)\">\n<li><strong>Penzioni zavod Federacije Bosne i Hercegovine<\/strong><\/li>\n\n\n\n<li><strong>Centralna banka Bosne i Hercegovine<\/strong><\/li>\n\n\n\n<li><strong>Op\u0107ina Novo Sarajevo<\/strong><\/li>\n\n\n\n<li><strong>Zavod zdravstvenog osiguranja i reosiguranja FBiH<\/strong><\/li>\n\n\n\n<li><strong>Kantonalni zavodi zdravstvenog osiguranja<\/strong><\/li>\n\n\n\n<li><strong>JU Apoteke Sarajevo<\/strong><\/li>\n\n\n\n<li><strong>JU Domovi zdravlja Sarajevo<\/strong><\/li>\n\n\n\n<li><strong>Vakufska banka<\/strong><\/li>\n\n\n\n<li><strong>UPI banka<\/strong><\/li>\n\n\n\n<li><strong>Aerodrom Sarajevo<\/strong><\/li>\n\n\n\n<li><strong>UNIS FAD<\/strong><\/li>\n\n\n\n<li><strong>Agencija za statistiku BiH<\/strong><\/li>\n\n\n\n<li><strong>Federalni zavod za statistiku BiH<\/strong><\/li>\n\n\n\n<li><strong>Veterinarski fakultet<\/strong><\/li>\n\n\n\n<li><strong>USAID<\/strong><\/li>\n<\/ul>\n\n\n\n<p><\/p>\n\n\n\n<div style=\"height:60px\" aria-hidden=\"true\" class=\"wp-block-spacer\"><\/div>\n","protected":false},"excerpt":{"rendered":"<p>Kroz na\u0161u saradnju, pru\u017eili smo \u0161irok spektar IT usluga i rje\u0161enja renomiranim institucijama , unapre\u0111uju\u0107i njihove operacije i omogu\u0107avaju\u0107i im da efikasnije ostvare svoje ciljeve. Ovo dugoro\u010dno povjerenje koje su nam ove institucije ukazale predstavlja najbolju potvrdu kvaliteta na\u0161eg rada i posve\u0107enosti pru\u017eanju vrhunskih IT usluga. Kroz svoj dugogodi\u0161nji rad [&hellip;]<\/p>\n","protected":false},"author":1,"featured_media":0,"parent":0,"menu_order":0,"comment_status":"closed","ping_status":"closed","template":"","meta":{"footnotes":""},"class_list":["post-138","page","type-page","status-publish","hentry"],"_links":{"self":[{"href":"https:\/\/erczipo.ba\/index.php\/wp-json\/wp\/v2\/pages\/138","targetHints":{"allow":["GET"]}}],"collection":[{"href":"https:\/\/erczipo.ba\/index.php\/wp-json\/wp\/v2\/pages"}],"about":[{"href":"https:\/\/erczipo.ba\/index.php\/wp-json\/wp\/v2\/types\/page"}],"author":[{"embeddable":true,"href":"https:\/\/erczipo.ba\/index.php\/wp-json\/wp\/v2\/users\/1"}],"replies":[{"embeddable":true,"href":"https:\/\/erczipo.ba\/index.php\/wp-json\/wp\/v2\/comments?post=138"}],"version-history":[{"count":12,"href":"https:\/\/erczipo.ba\/index.php\/wp-json\/wp\/v2\/pages\/138\/revisions"}],"predecessor-version":[{"id":522,"href":"https:\/\/erczipo.ba\/index.php\/wp-json\/wp\/v2\/pages\/138\/revisions\/522"}],"wp:attachment":[{"href":"https:\/\/erczipo.ba\/index.php\/wp-json\/wp\/v2\/media?parent=138"}],"curies":[{"name":"wp","href":"https:\/\/api.w.org\/{rel}","templated":true}]}}