{"id":140,"date":"2024-03-12T12:54:15","date_gmt":"2024-03-12T12:54:15","guid":{"rendered":"https:\/\/erczipo.ba\/wordpress\/?page_id=140"},"modified":"2024-04-05T06:58:10","modified_gmt":"2024-04-05T06:58:10","slug":"o-nama","status":"publish","type":"page","link":"https:\/\/erczipo.ba\/index.php\/o-nama\/","title":{"rendered":"Historijat"},"content":{"rendered":"\n<div style=\"height:60px\" aria-hidden=\"true\" class=\"wp-block-spacer\"><\/div>\n\n\n\n<div class=\"wp-block-columns is-layout-flex wp-container-core-columns-is-layout-28f84493 wp-block-columns-is-layout-flex\">\n<div class=\"wp-block-column is-vertically-aligned-center is-layout-flow wp-block-column-is-layout-flow\" style=\"flex-basis:80%\">\n<p class=\"has-text-color has-link-color has-big-font-size wp-elements-055277f55b2cc92673fd0013cf1abcfb\" style=\"color:#505050;padding-top:0;padding-right:0;padding-bottom:0;padding-left:0\"><em><strong>ERC ZIPO<\/strong> postoji od 1972. godine, u po\u010detku kao organizacioni dio Dru\u0161tvenog fonda za penzijsko i invalidsko osiguranje, a od 1986. kao nezavisna firma sa vi\u0161e od 50 zaposlenih. ERC ZIPO je firma sa dugim i obimnim iskustvom na podru\u010dju obrade podataka, migracije podataka, razvoja aplikacija, dizajna i implementacije Informacionih sistema i instalacije IT opreme.<\/em><\/p>\n<\/div>\n\n\n\n<div class=\"wp-block-column is-vertically-aligned-center is-layout-flow wp-block-column-is-layout-flow\" style=\"flex-basis:20%\">\n<figure class=\"wp-block-image alignright size-full is-resized\"><img loading=\"lazy\" decoding=\"async\" width=\"140\" height=\"140\" src=\"https:\/\/erczipo.ba\/wp-content\/uploads\/2024\/03\/erc_logo.png\" alt=\"\" class=\"wp-image-37\" style=\"width:188px;height:auto\"\/><\/figure>\n<\/div>\n<\/div>\n\n\n\n<div class=\"wp-block-columns is-layout-flex wp-container-core-columns-is-layout-28f84493 wp-block-columns-is-layout-flex\">\n<div class=\"wp-block-column is-layout-flow wp-block-column-is-layout-flow\">\n<div style=\"height:80px\" aria-hidden=\"true\" class=\"wp-block-spacer\"><\/div>\n<\/div>\n<\/div>\n\n\n\n<div class=\"wp-block-columns is-layout-flex wp-container-core-columns-is-layout-f20c9766 wp-block-columns-is-layout-flex\" style=\"padding-top:var(--wp--preset--spacing--80);padding-bottom:var(--wp--preset--spacing--80)\">\n<div class=\"wp-block-column is-vertically-aligned-center is-layout-flow wp-block-column-is-layout-flow\">\n<figure class=\"wp-block-image size-full\"><img loading=\"lazy\" decoding=\"async\" width=\"945\" height=\"443\" src=\"https:\/\/erczipo.ba\/wp-content\/uploads\/2024\/03\/ERC_ZGRADA-1.jpg\" alt=\"\" class=\"wp-image-169\" srcset=\"https:\/\/erczipo.ba\/wp-content\/uploads\/2024\/03\/ERC_ZGRADA-1.jpg 945w, https:\/\/erczipo.ba\/wp-content\/uploads\/2024\/03\/ERC_ZGRADA-1-300x141.jpg 300w, https:\/\/erczipo.ba\/wp-content\/uploads\/2024\/03\/ERC_ZGRADA-1-768x360.jpg 768w\" sizes=\"auto, (max-width: 945px) 100vw, 945px\" \/><\/figure>\n<\/div>\n\n\n\n<div class=\"wp-block-column is-vertically-aligned-center has-medium-font-size is-layout-flow wp-block-column-is-layout-flow\">\n<p>Tokom svog postojanja ERC ZIPO je uspje\u0161no implementirao \u0161irom BiH mnoge IT projekte na raznovrsnim platformama, od IBM mainframe sa WAN-om, preko midrange RS\/6000 LAN\/WAN, do PC LAN nivoa. Najzna\u010dajniji od njih su Informacioni sistem penzijskog i invalidskog osiguranja BiH, IS zdravstvenog osiguranja BH &#8211; Kantonalni nivo, instalacija i podr\u0161ka RTGS i GC sistema Centralne banke BH.<\/p>\n<\/div>\n<\/div>\n\n\n\n<div class=\"wp-block-columns is-layout-flex wp-container-core-columns-is-layout-f300760e wp-block-columns-is-layout-flex\" style=\"padding-top:var(--wp--preset--spacing--50);padding-bottom:var(--wp--preset--spacing--50)\">\n<div class=\"wp-block-column is-vertically-aligned-center has-medium-font-size is-layout-flow wp-block-column-is-layout-flow\">\n<p>Uz najnovije tehnologije i agilne metodologije, na\u0161 tim je uvijek korak ispred, prate\u0107i trendove i inovacije u industriji. Vjerujemo u dugoro\u010dna partnerstva sa na\u0161im klijentima, pru\u017eaju\u0107i im podr\u0161ku i savjete u svakom koraku razvoja njihovog poslovanja. Na\u0161a misija je da postanemo va\u0161 pouzdan partner u svijetu tehnologije, pru\u017eaju\u0107i vam rje\u0161enja koja su pouzdana, sigurna i inovativna.<br> <br><\/p>\n<\/div>\n\n\n\n<div class=\"wp-block-column is-vertically-aligned-center has-input-field-color has-primary-background-color has-text-color has-background has-link-color wp-elements-559117384c87d338331f5df5399a9794 is-layout-flow wp-container-core-column-is-layout-c9a531ce wp-block-column-is-layout-flow\" style=\"padding-top:var(--wp--preset--spacing--60);padding-right:var(--wp--preset--spacing--60);padding-bottom:var(--wp--preset--spacing--60);padding-left:var(--wp--preset--spacing--60)\">\n<div class=\"wp-block-columns is-layout-flex wp-container-core-columns-is-layout-28f84493 wp-block-columns-is-layout-flex\">\n<div class=\"wp-block-column is-layout-flow wp-block-column-is-layout-flow\">\n<p class=\"has-medium-font-size\"><strong><em>Treba ista\u0107i da smo partneri sa nekim od vode\u0107ih firmi u IT sektoru kao \u0161to su IBM, Oracle, Lenovo i CISCO. Tako\u0111er, ERC ZIPO je IBM Warranty Service Provider i Lenovo Warranty Service Provider.<\/em><\/strong><\/p>\n\n\n\n<p class=\"has-medium-font-size\"><strong><em>Sa timom iskusnih stru\u010dnjaka, nudimo \u0161irok spektar usluga, uklju\u010duju\u0107i razvoj softvera, web aplikacija, IT konsalting, upravljanje projektima, IT infrastrukturu, sigurnost informacija i jo\u0161 mnogo toga. Na\u0161 pristup je sveobuhvatan i prilago\u0111en potrebama svakog klijenta, kako bi im pru\u017eili najbolje mogu\u0107e re\u0161enje za njihov poslovni uspjeh.<\/em><\/strong><\/p>\n<\/div>\n<\/div>\n<\/div>\n<\/div>\n\n\n\n<div style=\"height:60px\" aria-hidden=\"true\" class=\"wp-block-spacer\"><\/div>\n\n\n\n<p><\/p>\n","protected":false},"excerpt":{"rendered":"<p>ERC ZIPO postoji od 1972. godine, u po\u010detku kao organizacioni dio Dru\u0161tvenog fonda za penzijsko i invalidsko osiguranje, a od 1986. kao nezavisna firma sa vi\u0161e od 50 zaposlenih. ERC ZIPO je firma sa dugim i obimnim iskustvom na podru\u010dju obrade podataka, migracije podataka, razvoja aplikacija, dizajna i implementacije Informacionih [&hellip;]<\/p>\n","protected":false},"author":1,"featured_media":0,"parent":0,"menu_order":0,"comment_status":"closed","ping_status":"closed","template":"","meta":{"footnotes":""},"class_list":["post-140","page","type-page","status-publish","hentry"],"_links":{"self":[{"href":"https:\/\/erczipo.ba\/index.php\/wp-json\/wp\/v2\/pages\/140","targetHints":{"allow":["GET"]}}],"collection":[{"href":"https:\/\/erczipo.ba\/index.php\/wp-json\/wp\/v2\/pages"}],"about":[{"href":"https:\/\/erczipo.ba\/index.php\/wp-json\/wp\/v2\/types\/page"}],"author":[{"embeddable":true,"href":"https:\/\/erczipo.ba\/index.php\/wp-json\/wp\/v2\/users\/1"}],"replies":[{"embeddable":true,"href":"https:\/\/erczipo.ba\/index.php\/wp-json\/wp\/v2\/comments?post=140"}],"version-history":[{"count":151,"href":"https:\/\/erczipo.ba\/index.php\/wp-json\/wp\/v2\/pages\/140\/revisions"}],"predecessor-version":[{"id":1282,"href":"https:\/\/erczipo.ba\/index.php\/wp-json\/wp\/v2\/pages\/140\/revisions\/1282"}],"wp:attachment":[{"href":"https:\/\/erczipo.ba\/index.php\/wp-json\/wp\/v2\/media?parent=140"}],"curies":[{"name":"wp","href":"https:\/\/api.w.org\/{rel}","templated":true}]}}