{"id":371,"date":"2024-03-15T05:59:51","date_gmt":"2024-03-15T05:59:51","guid":{"rendered":"https:\/\/erczipo.ba\/wordpress\/?page_id=371"},"modified":"2024-04-04T14:09:55","modified_gmt":"2024-04-04T14:09:55","slug":"mikrofilmovanje","status":"publish","type":"page","link":"https:\/\/erczipo.ba\/index.php\/mikrofilmovanje\/","title":{"rendered":"Mikrofilmovanje"},"content":{"rendered":"\n<p class=\"has-medium-font-size\"><br><br><br><\/p>\n\n\n\n<div class=\"wp-block-columns is-layout-flex wp-container-core-columns-is-layout-28f84493 wp-block-columns-is-layout-flex\">\n<div class=\"wp-block-column has-input-field-color has-primary-background-color has-text-color has-background has-link-color wp-elements-8737b5b83f18eef66edcfd26da91e98a is-layout-flow wp-container-core-column-is-layout-38bca3ef wp-block-column-is-layout-flow\" style=\"padding-top:var(--wp--preset--spacing--60);padding-right:var(--wp--preset--spacing--60);padding-bottom:var(--wp--preset--spacing--60);padding-left:var(--wp--preset--spacing--60)\">\n<p class=\"has-medium-font-size\">Trenutno smo ponosni pru\u017eaoci usluga mikrofilmovanja za PIO FBIH, \u010dime smo potvrdili na\u0161u stru\u010dnost i pouzdanost u ovoj oblasti. Na\u0161a firma ima bogato iskustvo i dugu tradiciju u mikrofilmovanju, a sada smo spremni da tu ekspertizu prenesemo i na druge firme. Na\u0161 tim posjeduje znanje i vje\u0161tine potrebne da obezbijedi vrhunski kvalitet i pouzdanost u \u010duvanju va\u017enih dokumenata. Budite sigurni da smo kao partner posve\u0107eni va\u0161im potrebama i zadovoljstvu.<\/p>\n<\/div>\n\n\n\n<div class=\"wp-block-column is-vertically-aligned-center has-medium-font-size is-layout-flow wp-block-column-is-layout-flow\">\n<p>Mikrofilmovanje je proces reprodukcije dokumenta ili slike na mikrofilmu, koji je tanka, transparentna traka filma na kojoj se mogu zabilje\u017eiti slike ili tekst. Ovaj proces je \u010desto kori\u0161ten za arhiviranje i \u010duvanje velike koli\u010dine dokumenata na malom prostoru. Mikrofilm omogu\u0107ava efikasno skladi\u0161tenje i transport informacija, a tako\u0111er i dugotrajnu za\u0161titu od propadanja. Osim toga, mikrofilmovanje omogu\u0107ava pristup dokumentima i informacijama bez potrebe da se originalni dokumenti koriste.<\/p>\n<\/div>\n<\/div>\n\n\n\n<div style=\"height:60px\" aria-hidden=\"true\" class=\"wp-block-spacer\"><\/div>\n\n\n\n<p class=\"has-primary-color has-text-color has-link-color wp-elements-eb2b6e804782e5a468896c088b908d05\" style=\"font-size:48px\">Ko koristi mikrofilmovanje?<\/p>\n\n\n\n<div class=\"wp-block-columns is-layout-flex wp-container-core-columns-is-layout-28f84493 wp-block-columns-is-layout-flex\">\n<div class=\"wp-block-column is-vertically-aligned-center is-layout-flow wp-block-column-is-layout-flow\">\n<p class=\"has-medium-font-size\">Mikrofilmovanje se koristi u razli\u010ditim industrijama i institucijama koje imaju potrebu za dugoro\u010dnim \u010duvanjem velike koli\u010dine dokumenata. <\/p>\n\n\n\n<div class=\"wp-block-columns is-layout-flex wp-container-core-columns-is-layout-f20c9766 wp-block-columns-is-layout-flex\" style=\"padding-top:var(--wp--preset--spacing--80);padding-bottom:var(--wp--preset--spacing--80)\">\n<div class=\"wp-block-column is-vertically-aligned-center is-layout-flow wp-block-column-is-layout-flow\">\n<p class=\"has-primary-color has-text-color has-link-color has-large-font-size wp-elements-c4f7a9b7862bd243c24f847282b47f7d\"><strong>ARHIVI<\/strong> <\/p>\n\n\n\n<p class=\"has-big-font-size\">Nacionalni arhivi, muzeji, biblioteke i druge institucije \u010desto koriste mikrofilmovanje kako bi sa\u010duvali stare, rijetke ili vrijedne dokumente.<\/p>\n<\/div>\n\n\n\n<div class=\"wp-block-column is-layout-flow wp-block-column-is-layout-flow\">\n<figure class=\"wp-block-image size-full\"><img loading=\"lazy\" decoding=\"async\" width=\"612\" height=\"364\" src=\"https:\/\/erczipo.ba\/wordpress\/wp-content\/uploads\/2024\/03\/arhiva_img.jpg\" alt=\"\" class=\"wp-image-389\" srcset=\"https:\/\/erczipo.ba\/wp-content\/uploads\/2024\/03\/arhiva_img.jpg 612w, https:\/\/erczipo.ba\/wp-content\/uploads\/2024\/03\/arhiva_img-300x178.jpg 300w\" sizes=\"auto, (max-width: 612px) 100vw, 612px\" \/><\/figure>\n<\/div>\n<\/div>\n<\/div>\n<\/div>\n\n\n\n<div class=\"wp-block-columns is-layout-flex wp-container-core-columns-is-layout-25b505a2 wp-block-columns-is-layout-flex\" style=\"padding-top:var(--wp--preset--spacing--80);padding-bottom:var(--wp--preset--spacing--80)\">\n<div class=\"wp-block-column is-layout-flow wp-block-column-is-layout-flow\">\n<figure class=\"wp-block-image size-full\"><img loading=\"lazy\" decoding=\"async\" width=\"600\" height=\"400\" src=\"https:\/\/erczipo.ba\/wordpress\/wp-content\/uploads\/2024\/03\/banka_img.webp\" alt=\"\" class=\"wp-image-390\" srcset=\"https:\/\/erczipo.ba\/wp-content\/uploads\/2024\/03\/banka_img.webp 600w, https:\/\/erczipo.ba\/wp-content\/uploads\/2024\/03\/banka_img-300x200.webp 300w\" sizes=\"auto, (max-width: 600px) 100vw, 600px\" \/><\/figure>\n<\/div>\n\n\n\n<div class=\"wp-block-column is-vertically-aligned-center is-layout-flow wp-block-column-is-layout-flow\">\n<p class=\"has-primary-color has-text-color has-link-color has-large-font-size wp-elements-1dd1b232dec465d83a906bbfbe674b0d\"><strong>BANKE I FINANSIJSKE INSTITUCIJE<\/strong><\/p>\n\n\n\n<p class=\"has-big-font-size\">Finansijske institucije koriste mikrofilmovanje kako bi \u010duvali finansijske transakcije, ugovore i druge dokumente koji su podlo\u017eni zakonskim zahtjevima o \u010duvanju podataka<\/p>\n<\/div>\n<\/div>\n\n\n\n<div class=\"wp-block-columns is-layout-flex wp-container-core-columns-is-layout-f20c9766 wp-block-columns-is-layout-flex\" style=\"padding-top:var(--wp--preset--spacing--80);padding-bottom:var(--wp--preset--spacing--80)\">\n<div class=\"wp-block-column is-vertically-aligned-center is-layout-flow wp-block-column-is-layout-flow\">\n<p class=\"has-primary-color has-text-color has-link-color has-large-font-size wp-elements-f8b27eb1d5631cc43b311f2cfe9b4a08\"><strong>MEDICINSKE USTANOVE<\/strong><\/p>\n\n\n\n<p class=\"has-big-font-size\">Bolnice, klinike i drugi medicinske ustanove \u010desto koriste mikrofilmovanje za \u010duvanje medicinskih dosijea pacijenata, radiolo\u0161kih snimaka i drugih zdravstvenih podataka.<\/p>\n<\/div>\n\n\n\n<div class=\"wp-block-column is-layout-flow wp-block-column-is-layout-flow\">\n<figure class=\"wp-block-image size-full\"><img loading=\"lazy\" decoding=\"async\" width=\"612\" height=\"407\" src=\"https:\/\/erczipo.ba\/wordpress\/wp-content\/uploads\/2024\/03\/bolnica_img.jpg\" alt=\"\" class=\"wp-image-393\" srcset=\"https:\/\/erczipo.ba\/wp-content\/uploads\/2024\/03\/bolnica_img.jpg 612w, https:\/\/erczipo.ba\/wp-content\/uploads\/2024\/03\/bolnica_img-300x200.jpg 300w\" sizes=\"auto, (max-width: 612px) 100vw, 612px\" \/><\/figure>\n<\/div>\n<\/div>\n\n\n\n<div class=\"wp-block-columns is-layout-flex wp-container-core-columns-is-layout-717bbf20 wp-block-columns-is-layout-flex\" style=\"padding-top:var(--wp--preset--spacing--80);padding-bottom:var(--wp--preset--spacing--80)\">\n<div class=\"wp-block-column is-layout-flow wp-block-column-is-layout-flow\">\n<figure class=\"wp-block-image size-full\"><img loading=\"lazy\" decoding=\"async\" width=\"600\" height=\"414\" src=\"https:\/\/erczipo.ba\/wordpress\/wp-content\/uploads\/2024\/03\/firma_img.webp\" alt=\"\" class=\"wp-image-406\" srcset=\"https:\/\/erczipo.ba\/wp-content\/uploads\/2024\/03\/firma_img.webp 600w, https:\/\/erczipo.ba\/wp-content\/uploads\/2024\/03\/firma_img-300x207.webp 300w\" sizes=\"auto, (max-width: 600px) 100vw, 600px\" \/><\/figure>\n<\/div>\n\n\n\n<div class=\"wp-block-column is-vertically-aligned-center is-layout-flow wp-block-column-is-layout-flow\">\n<p class=\"has-primary-color has-text-color has-link-color has-large-font-size wp-elements-125dee1cb51e92829797ca221346ec0c\"><strong>KOMPANIJE<\/strong><\/p>\n\n\n\n<p class=\"has-big-font-size\">Razli\u010dite kompanije koriste mikrofilmovanje za arhiviranje svojih poslovnih dokumenata, kao \u0161to su ugovori, fakture, kadrovske evidencije i druge vrste administrativnih dokumenata.<\/p>\n<\/div>\n<\/div>\n\n\n\n<div class=\"wp-block-columns is-layout-flex wp-container-core-columns-is-layout-f24b2f23 wp-block-columns-is-layout-flex\" style=\"padding-top:var(--wp--preset--spacing--80);padding-bottom:var(--wp--preset--spacing--80)\">\n<div class=\"wp-block-column is-vertically-aligned-center is-layout-flow wp-container-core-column-is-layout-30a78a81 wp-block-column-is-layout-flow\" style=\"padding-top:0;padding-right:0;padding-bottom:0;padding-left:0\">\n<p class=\"has-primary-color has-text-color has-link-color has-large-font-size wp-elements-f85c3d37a84c69c5cda4e8648c654aef\"><strong>VLADE I JAVNE AGENCIJE<\/strong><\/p>\n\n\n\n<p class=\"has-big-font-size\">Vlade na svim nivoima (lokalne, regionalne, nacionalne) koriste mikrofilmovanje za arhiviranje va\u017enih dokumenata, poput zakona, propisa, poreznih podataka i sl.<\/p>\n<\/div>\n\n\n\n<div class=\"wp-block-column is-vertically-aligned-center is-layout-flow wp-block-column-is-layout-flow\">\n<figure class=\"wp-block-image size-full\"><img loading=\"lazy\" decoding=\"async\" width=\"626\" height=\"353\" src=\"https:\/\/erczipo.ba\/wp-content\/uploads\/2024\/04\/javni_sektor.avif\" alt=\"\" class=\"wp-image-1254\"\/><\/figure>\n<\/div>\n<\/div>\n\n\n\n<div style=\"height:100px\" aria-hidden=\"true\" class=\"wp-block-spacer\"><\/div>\n","protected":false},"excerpt":{"rendered":"<p>Trenutno smo ponosni pru\u017eaoci usluga mikrofilmovanja za PIO FBIH, \u010dime smo potvrdili na\u0161u stru\u010dnost i pouzdanost u ovoj oblasti. Na\u0161a firma ima bogato iskustvo i dugu tradiciju u mikrofilmovanju, a sada smo spremni da tu ekspertizu prenesemo i na druge firme. Na\u0161 tim posjeduje znanje i vje\u0161tine potrebne da obezbijedi [&hellip;]<\/p>\n","protected":false},"author":1,"featured_media":0,"parent":0,"menu_order":0,"comment_status":"closed","ping_status":"closed","template":"","meta":{"footnotes":""},"class_list":["post-371","page","type-page","status-publish","hentry"],"_links":{"self":[{"href":"https:\/\/erczipo.ba\/index.php\/wp-json\/wp\/v2\/pages\/371","targetHints":{"allow":["GET"]}}],"collection":[{"href":"https:\/\/erczipo.ba\/index.php\/wp-json\/wp\/v2\/pages"}],"about":[{"href":"https:\/\/erczipo.ba\/index.php\/wp-json\/wp\/v2\/types\/page"}],"author":[{"embeddable":true,"href":"https:\/\/erczipo.ba\/index.php\/wp-json\/wp\/v2\/users\/1"}],"replies":[{"embeddable":true,"href":"https:\/\/erczipo.ba\/index.php\/wp-json\/wp\/v2\/comments?post=371"}],"version-history":[{"count":46,"href":"https:\/\/erczipo.ba\/index.php\/wp-json\/wp\/v2\/pages\/371\/revisions"}],"predecessor-version":[{"id":1026,"href":"https:\/\/erczipo.ba\/index.php\/wp-json\/wp\/v2\/pages\/371\/revisions\/1026"}],"wp:attachment":[{"href":"https:\/\/erczipo.ba\/index.php\/wp-json\/wp\/v2\/media?parent=371"}],"curies":[{"name":"wp","href":"https:\/\/api.w.org\/{rel}","templated":true}]}}