{"id":697,"date":"2024-03-26T07:18:54","date_gmt":"2024-03-26T07:18:54","guid":{"rendered":"https:\/\/erczipo.ba\/wordpress\/?page_id=697"},"modified":"2024-03-28T11:49:10","modified_gmt":"2024-03-28T11:49:10","slug":"migracija-podataka","status":"publish","type":"page","link":"https:\/\/erczipo.ba\/index.php\/migracija-podataka\/","title":{"rendered":"Migracija podataka"},"content":{"rendered":"\n<p><\/p>\n\n\n\n<div class=\"wp-block-columns is-layout-flex wp-container-core-columns-is-layout-28f84493 wp-block-columns-is-layout-flex\">\n<div class=\"wp-block-column is-layout-flow wp-block-column-is-layout-flow\" style=\"flex-basis:100%\">\n<p class=\"has-primary-color has-text-color has-link-color has-large-font-size wp-elements-d5b77f39d6bc8b54b452cd8d17161f1a\"><strong>Uspje\u0161no smo sproveli va\u017ean projekat migracije podataka sa IBM Mainframe platforme na Oracle bazu podataka<\/strong><\/p>\n<\/div>\n<\/div>\n\n\n\n<div style=\"height:60px\" aria-hidden=\"true\" class=\"wp-block-spacer\"><\/div>\n\n\n\n<div class=\"wp-block-columns is-layout-flex wp-container-core-columns-is-layout-28f84493 wp-block-columns-is-layout-flex\">\n<div class=\"wp-block-column is-layout-flow wp-block-column-is-layout-flow\">\n<p class=\"has-input-field-color has-primary-background-color has-text-color has-background has-link-color has-medium-font-size wp-elements-bb7cc43dc391f851b1c49cd4849b907a\">Ovaj projekat je bio klju\u010dan korak u na\u0161em kontinuiranom nastojanju da unaprijedimo na\u0161u infrastrukturu i osiguramo efikasnije poslovanje za na\u0161e klijente. Kroz pa\u017eljivo planiranje, stru\u010dno izvr\u0161enje i temeljno testiranje, uspjeli smo da obezbijedimo uspje\u0161nu tranziciju sa IBM Mainframe sistema na Oracle platformu, uz minimalne prekide u poslovanju.<\/p>\n<\/div>\n\n\n\n<div class=\"wp-block-column is-vertically-aligned-center is-layout-flow wp-block-column-is-layout-flow\">\n<p class=\"has-medium-font-size\">Migracija podataka je bila kompleksna operacija koja je zahtijevala detaljno razumijevanje obje platforme, kao i stru\u010dnost u razli\u010ditim aspektima migracije, uklju\u010duju\u0107i analizu, planiranje, migraciju podataka, testiranje i optimizaciju. Zahvaljuju\u0107i posve\u0107enosti na\u0161eg tima stru\u010dnjaka i njihovom bogatom iskustvu u radu sa razli\u010ditim tehnolo\u0161kim platformama, uspjeli smo da uspje\u0161no zavr\u0161imo ovaj projekat u zadatim rokovima i bud\u017eetu.<\/p>\n<\/div>\n<\/div>\n\n\n\n<div style=\"height:60px\" aria-hidden=\"true\" class=\"wp-block-spacer\"><\/div>\n\n\n\n<p><\/p>\n\n\n\n<div class=\"wp-block-columns are-vertically-aligned-center is-layout-flex wp-container-core-columns-is-layout-28f84493 wp-block-columns-is-layout-flex\">\n<div class=\"wp-block-column is-vertically-aligned-center is-layout-flow wp-block-column-is-layout-flow\">\n<p class=\"has-medium-font-size\"><br><br>Nova Oracle baza podataka pru\u017ea na\u0161oj kompaniji ve\u0107u fleksibilnost, skalabilnost i performanse, omogu\u0107avaju\u0107i nam da efikasnije upravljamo podacima i bolje podr\u017eimo poslovne procese na\u0161ih klijenata. Sada smo spremni za budu\u0107nost, sa modernizovanom infrastrukturom koja \u0107e nam omogu\u0107iti da se br\u017ee prilagodimo promjenama u poslovnom okru\u017eenju i ostanemo konkurentni na tr\u017ei\u0161tu.<\/p>\n<\/div>\n\n\n\n<div class=\"wp-block-column is-vertically-aligned-center is-layout-flow wp-block-column-is-layout-flow\">\n<figure class=\"wp-block-image size-full\"><img loading=\"lazy\" decoding=\"async\" width=\"1024\" height=\"768\" src=\"https:\/\/erczipo.ba\/wordpress\/wp-content\/uploads\/2024\/03\/migracija.png\" alt=\"\" class=\"wp-image-714\" srcset=\"https:\/\/erczipo.ba\/wp-content\/uploads\/2024\/03\/migracija.png 1024w, https:\/\/erczipo.ba\/wp-content\/uploads\/2024\/03\/migracija-300x225.png 300w, https:\/\/erczipo.ba\/wp-content\/uploads\/2024\/03\/migracija-768x576.png 768w\" sizes=\"auto, (max-width: 1024px) 100vw, 1024px\" \/><\/figure>\n<\/div>\n<\/div>\n\n\n\n<div class=\"wp-block-columns are-vertically-aligned-center is-layout-flex wp-container-core-columns-is-layout-28f84493 wp-block-columns-is-layout-flex\">\n<div class=\"wp-block-column is-vertically-aligned-center is-layout-flow wp-block-column-is-layout-flow\">\n<p><\/p>\n<\/div>\n<\/div>\n\n\n\n<p><\/p>\n\n\n\n<div class=\"wp-block-columns is-layout-flex wp-container-core-columns-is-layout-28f84493 wp-block-columns-is-layout-flex\">\n<div class=\"wp-block-column is-layout-flow wp-container-core-column-is-layout-b108c007 wp-block-column-is-layout-flow\" style=\"padding-right:0;padding-left:0\">\n<p><\/p>\n<\/div>\n\n\n\n<div class=\"wp-block-column is-layout-flow wp-block-column-is-layout-flow\"><\/div>\n<\/div>\n","protected":false},"excerpt":{"rendered":"<p>Uspje\u0161no smo sproveli va\u017ean projekat migracije podataka sa IBM Mainframe platforme na Oracle bazu podataka Ovaj projekat je bio klju\u010dan korak u na\u0161em kontinuiranom nastojanju da unaprijedimo na\u0161u infrastrukturu i osiguramo efikasnije poslovanje za na\u0161e klijente. Kroz pa\u017eljivo planiranje, stru\u010dno izvr\u0161enje i temeljno testiranje, uspjeli smo da obezbijedimo uspje\u0161nu tranziciju [&hellip;]<\/p>\n","protected":false},"author":1,"featured_media":0,"parent":0,"menu_order":0,"comment_status":"closed","ping_status":"closed","template":"","meta":{"footnotes":""},"class_list":["post-697","page","type-page","status-publish","hentry"],"_links":{"self":[{"href":"https:\/\/erczipo.ba\/index.php\/wp-json\/wp\/v2\/pages\/697","targetHints":{"allow":["GET"]}}],"collection":[{"href":"https:\/\/erczipo.ba\/index.php\/wp-json\/wp\/v2\/pages"}],"about":[{"href":"https:\/\/erczipo.ba\/index.php\/wp-json\/wp\/v2\/types\/page"}],"author":[{"embeddable":true,"href":"https:\/\/erczipo.ba\/index.php\/wp-json\/wp\/v2\/users\/1"}],"replies":[{"embeddable":true,"href":"https:\/\/erczipo.ba\/index.php\/wp-json\/wp\/v2\/comments?post=697"}],"version-history":[{"count":35,"href":"https:\/\/erczipo.ba\/index.php\/wp-json\/wp\/v2\/pages\/697\/revisions"}],"predecessor-version":[{"id":1028,"href":"https:\/\/erczipo.ba\/index.php\/wp-json\/wp\/v2\/pages\/697\/revisions\/1028"}],"wp:attachment":[{"href":"https:\/\/erczipo.ba\/index.php\/wp-json\/wp\/v2\/media?parent=697"}],"curies":[{"name":"wp","href":"https:\/\/api.w.org\/{rel}","templated":true}]}}