{"id":952,"date":"2024-03-27T13:21:36","date_gmt":"2024-03-27T13:21:36","guid":{"rendered":"https:\/\/erczipo.ba\/wordpress\/?page_id=952"},"modified":"2024-03-29T11:54:51","modified_gmt":"2024-03-29T11:54:51","slug":"integracija-pio-mio-sistema","status":"publish","type":"page","link":"https:\/\/erczipo.ba\/index.php\/integracija-pio-mio-sistema\/","title":{"rendered":"Integracija PIO\/MIO sistema"},"content":{"rendered":"\n<div style=\"height:80px\" aria-hidden=\"true\" class=\"wp-block-spacer\"><\/div>\n\n\n\n<p class=\"has-medium-font-size\">Na\u0161a firma s ponosom isti\u010de uspostavljene integracije sistema PIO\/MIO sa mnogim institucijama \u0161irom zemlje, kao \u0161to su banke, po\u0161te, mikrokreditne organizacije, kao i sa brojnim zavodima za penzijsko i invalidsko osiguranje u drugim dr\u017eavama.<\/p>\n\n\n\n<p class=\"has-medium-font-size\">Ove integracije omogu\u0107avaju nam da pru\u017eimo efikasnu razmjenu podataka i informacija, olak\u0161avaju\u0107i pristup uslugama na\u0161im korisnicima. Kroz ove partnerske odnose, unapre\u0111ujemo efikasnost poslovanja, pove\u0107avamo transparentnost i osiguravamo bolju za\u0161titu prava osiguranika kako u zemlji, tako i u me\u0111unarodnom okru\u017eenju.<\/p>\n\n\n\n<p class=\"has-medium-font-size\">Na\u0161a integracija sistema PIO\/MIO sa mnogim institucijama \u0161irom zemlje i svijeta omogu\u0107ila nam je postizanje nekoliko klju\u010dnih ciljeva i rezultata:<\/p>\n\n\n\n<ol class=\"wp-block-list\">\n<li class=\"has-medium-font-size\"><strong>Efikasnija razmjena podataka<\/strong>: Integracija nam je omogu\u0107ila da podatke razmjenjujemo br\u017ee i efikasnije, \u010dime smo pobolj\u0161ali radne procese i smanjili tro\u0161kove.<\/li>\n\n\n\n<li class=\"has-medium-font-size\"><strong>Pobolj\u0161ana usluga za korisnike<\/strong>: Kroz integraciju, na\u0161im korisnicima pru\u017eamo bolju uslugu, omogu\u0107avaju\u0107i im lak\u0161i pristup informacijama i br\u017ee rje\u0161avanje njihovih zahtjeva.<\/li>\n\n\n\n<li class=\"has-medium-font-size\"><strong>Bolja saradnja sa partnerima<\/strong>: Integracija nam je otvorila vrata za bolju saradnju sa partnerima, \u0161to nam omogu\u0107ava da zajedno razvijamo nove proizvode i usluge.<\/li>\n\n\n\n<li class=\"has-medium-font-size\"><strong>Pove\u0107ana transparentnost<\/strong>: Integracija je doprinijela pove\u0107anju transparentnosti na\u0161eg poslovanja, \u010dime smo izgradili povjerenje kod na\u0161ih korisnika i partnera.<\/li>\n\n\n\n<li class=\"has-medium-font-size\"><strong>Pove\u0107ana konkurentnost<\/strong>: Kroz integraciju smo postali konkurentniji na tr\u017ei\u0161tu, \u0161to nam je omogu\u0107ilo da zadr\u017eimo postoje\u0107e korisnike i privu\u010demo nove.<\/li>\n<\/ol>\n\n\n\n<p class=\"has-medium-font-size\">Nastavljamo da gradimo nove partnerske odnose i unapre\u0111ujemo postoje\u0107e integracije kako bismo osigurali da na\u0161i korisnici imaju najbolju mogu\u0107u podr\u0161ku i pristup uslugama penzijskog i invalidskog osiguranja.<\/p>\n\n\n\n<p><\/p>\n\n\n\n<div style=\"height:80px\" aria-hidden=\"true\" class=\"wp-block-spacer\"><\/div>\n","protected":false},"excerpt":{"rendered":"<p>Na\u0161a firma s ponosom isti\u010de uspostavljene integracije sistema PIO\/MIO sa mnogim institucijama \u0161irom zemlje, kao \u0161to su banke, po\u0161te, mikrokreditne organizacije, kao i sa brojnim zavodima za penzijsko i invalidsko osiguranje u drugim dr\u017eavama. Ove integracije omogu\u0107avaju nam da pru\u017eimo efikasnu razmjenu podataka i informacija, olak\u0161avaju\u0107i pristup uslugama na\u0161im korisnicima. [&hellip;]<\/p>\n","protected":false},"author":1,"featured_media":0,"parent":0,"menu_order":0,"comment_status":"closed","ping_status":"closed","template":"","meta":{"footnotes":""},"class_list":["post-952","page","type-page","status-publish","hentry"],"_links":{"self":[{"href":"https:\/\/erczipo.ba\/index.php\/wp-json\/wp\/v2\/pages\/952","targetHints":{"allow":["GET"]}}],"collection":[{"href":"https:\/\/erczipo.ba\/index.php\/wp-json\/wp\/v2\/pages"}],"about":[{"href":"https:\/\/erczipo.ba\/index.php\/wp-json\/wp\/v2\/types\/page"}],"author":[{"embeddable":true,"href":"https:\/\/erczipo.ba\/index.php\/wp-json\/wp\/v2\/users\/1"}],"replies":[{"embeddable":true,"href":"https:\/\/erczipo.ba\/index.php\/wp-json\/wp\/v2\/comments?post=952"}],"version-history":[{"count":5,"href":"https:\/\/erczipo.ba\/index.php\/wp-json\/wp\/v2\/pages\/952\/revisions"}],"predecessor-version":[{"id":1152,"href":"https:\/\/erczipo.ba\/index.php\/wp-json\/wp\/v2\/pages\/952\/revisions\/1152"}],"wp:attachment":[{"href":"https:\/\/erczipo.ba\/index.php\/wp-json\/wp\/v2\/media?parent=952"}],"curies":[{"name":"wp","href":"https:\/\/api.w.org\/{rel}","templated":true}]}}