{"id":988,"date":"2024-03-28T07:13:33","date_gmt":"2024-03-28T07:13:33","guid":{"rendered":"https:\/\/erczipo.ba\/wordpress\/?page_id=988"},"modified":"2024-03-28T10:46:02","modified_gmt":"2024-03-28T10:46:02","slug":"prodaja-3","status":"publish","type":"page","link":"https:\/\/erczipo.ba\/index.php\/prodaja-3\/","title":{"rendered":"Prodaja"},"content":{"rendered":"\n<div style=\"height:60px\" aria-hidden=\"true\" class=\"wp-block-spacer\"><\/div>\n\n\n\n<p class=\"has-medium-font-size\">Sigurnost, pouzdanost i performanse su klju\u010dni faktori kada je u pitanju infrastruktura va\u0161e kompanije. U na\u0161oj kompaniji, fokusirani smo na pru\u017eanje najboljih re\u0161enja u prodaji hardverskih komponenti koje podr\u017eavaju va\u0161u IT infrastrukturu.<\/p>\n\n\n\n<p class=\"has-medium-font-size\">Na\u0161 asortiman proizvoda obuhvata \u0161irok spektar servera i mre\u017ene opreme, uklju\u010duju\u0107i servere visokih performansi, mre\u017ene rutere, switcheve, firewall ure\u0111aje i jo\u0161 mnogo toga. Svi proizvodi koje nudimo su pa\u017eljivo odabrani da zadovolje va\u0161e potrebe za sigurno\u0161\u0107u, brzinom i skalabilno\u0161\u0107u.<\/p>\n\n\n\n<p class=\"has-medium-font-size\">Na\u0161 tim stru\u010dnjaka je tu da vam pomogne u odabiru pravog re\u0161enja za va\u0161e poslovne potrebe. Bez obzira da li vam je potreban server za skladi\u0161tenje podataka, mre\u017eni ure\u0111aj za povezivanje razli\u010ditih odeljenja ili sigurnosni ure\u0111aj za za\u0161titu va\u0161e mre\u017ee, mi imamo rje\u0161enje za vas.<\/p>\n\n\n\n<p class=\"has-medium-font-size\">Nudimo i usluge isporuke, instalacije i konfiguracije, kako bismo vam osigurali da va\u0161a oprema radi besprekorno od samog po\u010detka. Na\u0161 cilj je da vam pru\u017eimo kompletno IT re\u0161enje koje \u0107e vam pomo\u0107i da unapredite va\u0161e poslovanje i postignete svoje ciljeve.<\/p>\n\n\n\n<p class=\"has-medium-font-size\">Ako \u017eelite da osigurate da va\u0161a IT infrastruktura bude spremna za budu\u0107e izazove, kontaktirajte nas danas i dozvolite nam da vam pru\u017eimo vrhunske proizvode i usluge koje \u0107e va\u0161em poslovanju doneti stabilnost i pouzdanost.<\/p>\n\n\n\n<div style=\"height:60px\" aria-hidden=\"true\" class=\"wp-block-spacer\"><\/div>\n","protected":false},"excerpt":{"rendered":"<p>Sigurnost, pouzdanost i performanse su klju\u010dni faktori kada je u pitanju infrastruktura va\u0161e kompanije. U na\u0161oj kompaniji, fokusirani smo na pru\u017eanje najboljih re\u0161enja u prodaji hardverskih komponenti koje podr\u017eavaju va\u0161u IT infrastrukturu. Na\u0161 asortiman proizvoda obuhvata \u0161irok spektar servera i mre\u017ene opreme, uklju\u010duju\u0107i servere visokih performansi, mre\u017ene rutere, switcheve, firewall [&hellip;]<\/p>\n","protected":false},"author":1,"featured_media":0,"parent":0,"menu_order":0,"comment_status":"closed","ping_status":"closed","template":"","meta":{"footnotes":""},"class_list":["post-988","page","type-page","status-publish","hentry"],"_links":{"self":[{"href":"https:\/\/erczipo.ba\/index.php\/wp-json\/wp\/v2\/pages\/988","targetHints":{"allow":["GET"]}}],"collection":[{"href":"https:\/\/erczipo.ba\/index.php\/wp-json\/wp\/v2\/pages"}],"about":[{"href":"https:\/\/erczipo.ba\/index.php\/wp-json\/wp\/v2\/types\/page"}],"author":[{"embeddable":true,"href":"https:\/\/erczipo.ba\/index.php\/wp-json\/wp\/v2\/users\/1"}],"replies":[{"embeddable":true,"href":"https:\/\/erczipo.ba\/index.php\/wp-json\/wp\/v2\/comments?post=988"}],"version-history":[{"count":4,"href":"https:\/\/erczipo.ba\/index.php\/wp-json\/wp\/v2\/pages\/988\/revisions"}],"predecessor-version":[{"id":1016,"href":"https:\/\/erczipo.ba\/index.php\/wp-json\/wp\/v2\/pages\/988\/revisions\/1016"}],"wp:attachment":[{"href":"https:\/\/erczipo.ba\/index.php\/wp-json\/wp\/v2\/media?parent=988"}],"curies":[{"name":"wp","href":"https:\/\/api.w.org\/{rel}","templated":true}]}}